{"id":84,"date":"2022-04-01T14:01:27","date_gmt":"2022-04-01T12:01:27","guid":{"rendered":"https:\/\/www.saegeblatt-shop.de\/magazin\/?page_id=84"},"modified":"2024-11-21T08:22:06","modified_gmt":"2024-11-21T07:22:06","slug":"saegeblatt-shop-magazin","status":"publish","type":"page","link":"https:\/\/www.saegeblatt-shop.de\/magazin\/","title":{"rendered":"S\u00e4geblatt Shop Magazin"},"content":{"rendered":"<p>[vc_row][vc_column][vc_single_image image=&#8221;880&#8243; img_size=&#8221;full&#8221; alignment=&#8221;center&#8221; css_animation=&#8221;top-to-bottom&#8221;][vc_empty_space height=&#8221;80px&#8221;][\/vc_column][\/vc_row][vc_row content_placement=&#8221;middle&#8221; css=&#8221;.vc_custom_1655800914777{margin-right: 120px !important;margin-left: 120px !important;}&#8221;][vc_column width=&#8221;1\/2&#8243;][vc_column_text css_animation=&#8221;fadeIn&#8221;]<\/p>\n<h1 style=\"text-align: left;\"><strong>GemaxTV.<br \/>\nUNSER YOUTUBE CHANNEL.<\/strong><\/h1>\n<p>[\/vc_column_text][vc_empty_space height=&#8221;28px&#8221;][vc_column_text css_animation=&#8221;fadeIn&#8221;]<\/p>\n<p style=\"text-align: left;\">Hier findest Du die neuesten Werkzeug-News, praktische How-To-Ratgeber, geballtes Werkzeugwissen, coole DIY-Projekte zum Nachbauen, Must Have Tools f\u00fcr deine Werkstatt und viele weitere spannende Themen f\u00fcr Handwerker, Heimwerker und alle, die es noch werden wollen. <strong>St\u00f6bere durch unsere Videos und lass&#8217; dich inspirieren &#8211; dein n\u00e4chstes Projekt wartet!<br \/>\n<\/strong>[\/vc_column_text][vc_empty_space height=&#8221;28px&#8221;][vc_btn title=&#8221;Zum GemaxTV Channel&#8221; style=&#8221;outline-custom&#8221; outline_custom_color=&#8221;#666666&#8243; outline_custom_hover_background=&#8221;#e26739&#8243; outline_custom_hover_text=&#8221;#ffffff&#8221; size=&#8221;lg&#8221; align=&#8221;center&#8221; i_icon_fontawesome=&#8221;fas fa-play-circle&#8221; css_animation=&#8221;bounceIn&#8221; button_block=&#8221;true&#8221; add_icon=&#8221;true&#8221; link=&#8221;url:https%3A%2F%2Fwww.youtube.com%2Fuser%2Fsaegeblattshop%2Ffeatured|target:_blank&#8221;][\/vc_column][vc_column width=&#8221;1\/2&#8243;][vc_video link=&#8221;https:\/\/www.youtube.com\/watch?v=SuJvZaxXg5A&#8221; align=&#8221;center&#8221; css_animation=&#8221;bounceIn&#8221;][\/vc_column][\/vc_row][vc_row content_placement=&#8221;middle&#8221; css=&#8221;.vc_custom_1655803726459{margin-right: 120px !important;margin-left: 120px !important;}&#8221;][vc_column width=&#8221;1\/2&#8243;][vc_single_image image=&#8221;1133&#8243; img_size=&#8221;large&#8221; alignment=&#8221;center&#8221; css_animation=&#8221;bounceIn&#8221;][\/vc_column][vc_column width=&#8221;1\/2&#8243;][vc_column_text css_animation=&#8221;fadeIn&#8221;]<\/p>\n<h1 style=\"text-align: left;\"><strong>GEMAX PRINT-MAGAZIN.<br \/>\nJEDES QUARTAL NEU.<\/strong><\/h1>\n<p>[\/vc_column_text][vc_empty_space height=&#8221;28px&#8221;][vc_column_text css_animation=&#8221;fadeIn&#8221;]Hier findest Du unser aktuelles <strong>Gemax Print-Magazin <\/strong>zum kostenfreien Download. Aktuelles aus der Welt der Werkzeuge, innovative L\u00f6sungen und praktische DIY-Anleitungen &#8211; alles im kompakten Format.[\/vc_column_text][vc_empty_space height=&#8221;28px&#8221;][vc_btn title=&#8221;Aktuelle Ausgabe herunterladen&#8221; style=&#8221;outline-custom&#8221; outline_custom_color=&#8221;#666666&#8243; outline_custom_hover_background=&#8221;#e26739&#8243; outline_custom_hover_text=&#8221;#ffffff&#8221; size=&#8221;lg&#8221; align=&#8221;center&#8221; i_icon_fontawesome=&#8221;fas fa-arrow-alt-circle-down&#8221; css_animation=&#8221;bounceIn&#8221; button_block=&#8221;true&#8221; add_icon=&#8221;true&#8221; link=&#8221;url:https%3A%2F%2Fwww.saegeblatt-shop.de%2Fmagazin%2Fwp-content%2Fuploads%2F2024%2F11%2FGEMAX-MAGAZIN-2024-Q3.pdf|target:_blank&#8221;][vc_btn title=&#8221;Alle Ausgaben&#8221; style=&#8221;outline-custom&#8221; outline_custom_color=&#8221;#666666&#8243; outline_custom_hover_background=&#8221;#e26739&#8243; outline_custom_hover_text=&#8221;#ffffff&#8221; size=&#8221;lg&#8221; align=&#8221;center&#8221; i_icon_fontawesome=&#8221;fas fa-boxes&#8221; css_animation=&#8221;bounceIn&#8221; button_block=&#8221;true&#8221; add_icon=&#8221;true&#8221; link=&#8221;url:https%3A%2F%2Fwww.saegeblatt-shop.de%2Fmagazin%2Fprint%2F&#8221;][\/vc_column][\/vc_row][vc_row css=&#8221;.vc_custom_1655803567570{margin-right: 120px !important;margin-left: 120px !important;}&#8221;][vc_column][vc_column_text css_animation=&#8221;fadeIn&#8221;]<\/p>\n<h1 style=\"text-align: center;\"><strong>UNSERE KATEGORIEN<\/strong><\/h1>\n<p>[\/vc_column_text][vc_empty_space height=&#8221;40px&#8221;][\/vc_column][\/vc_row][vc_row css=&#8221;.vc_custom_1655803833009{margin-right: 120px !important;margin-left: 120px !important;}&#8221;][vc_column width=&#8221;1\/3&#8243;][vc_single_image image=&#8221;985&#8243; img_size=&#8221;full&#8221; alignment=&#8221;center&#8221; css_animation=&#8221;bounceIn&#8221;][vc_empty_space height=&#8221;10px&#8221;][vc_column_text css_animation=&#8221;fadeIn&#8221; css=&#8221;.vc_custom_1655803375576{margin-right: 20px !important;margin-left: 20px !important;}&#8221;]<\/p>\n<p style=\"text-align: center;\"><strong>Schritt f\u00fcr Schritt! <\/strong>Kleiner Anfang, gro\u00dfes Ergebnis.<\/p>\n<p>[\/vc_column_text][vc_empty_space height=&#8221;20px&#8221;][\/vc_column][vc_column width=&#8221;1\/3&#8243;][vc_single_image image=&#8221;986&#8243; img_size=&#8221;full&#8221; alignment=&#8221;center&#8221; css_animation=&#8221;bounceIn&#8221;][vc_empty_space height=&#8221;10px&#8221;][vc_column_text css_animation=&#8221;fadeIn&#8221; css=&#8221;.vc_custom_1655803382744{margin-right: 20px !important;margin-left: 20px !important;}&#8221;]<\/p>\n<p style=\"text-align: center;\"><strong>Wir mit Dir!<\/strong> Zusammen macht&#8217;s mehr Spa\u00df.<\/p>\n<p>[\/vc_column_text][vc_empty_space height=&#8221;20px&#8221;][\/vc_column][vc_column width=&#8221;1\/3&#8243;][vc_single_image image=&#8221;898&#8243; img_size=&#8221;full&#8221; alignment=&#8221;center&#8221; onclick=&#8221;custom_link&#8221; css_animation=&#8221;bounceIn&#8221; link=&#8221;https:\/\/www.saegeblatt-shop.de\/magazin\/category\/how-to\/&#8221;][vc_empty_space height=&#8221;10px&#8221;][vc_column_text css_animation=&#8221;fadeIn&#8221; css=&#8221;.vc_custom_1655803390872{margin-right: 20px !important;margin-left: 20px !important;}&#8221;]<\/p>\n<p style=\"text-align: center;\"><strong>Gewusst wie!<\/strong> Wir zeigen Dir, wie&#8217;s geht.<\/p>\n<p>[\/vc_column_text][vc_empty_space height=&#8221;20px&#8221;][\/vc_column][\/vc_row][vc_row css=&#8221;.vc_custom_1655803911602{margin-right: 120px !important;margin-bottom: 60px !important;margin-left: 120px !important;}&#8221;][vc_column width=&#8221;1\/3&#8243;][vc_single_image image=&#8221;987&#8243; img_size=&#8221;full&#8221; alignment=&#8221;center&#8221; css_animation=&#8221;bounceIn&#8221;][vc_empty_space height=&#8221;10px&#8221;][vc_column_text css_animation=&#8221;fadeIn&#8221; css=&#8221;.vc_custom_1655803399220{margin-right: 20px !important;margin-left: 20px !important;}&#8221;]<\/p>\n<p style=\"text-align: center;\"><strong>Vorsicht, hei\u00df!<\/strong> Das Neueste aus dem Werkzeugbereich.<\/p>\n<p>[\/vc_column_text][\/vc_column][vc_column width=&#8221;1\/3&#8243;][vc_single_image image=&#8221;901&#8243; img_size=&#8221;full&#8221; alignment=&#8221;center&#8221; onclick=&#8221;custom_link&#8221; css_animation=&#8221;bounceIn&#8221; link=&#8221;https:\/\/www.saegeblatt-shop.de\/magazin\/category\/must-haves\/&#8221;][vc_empty_space height=&#8221;10px&#8221;][vc_column_text css_animation=&#8221;fadeIn&#8221; css=&#8221;.vc_custom_1655803407103{margin-right: 20px !important;margin-left: 20px !important;}&#8221;]<\/p>\n<p style=\"text-align: center;\"><strong>Haben will!<\/strong> Coole Tools, die man einfach haben muss.<\/p>\n<p>[\/vc_column_text][\/vc_column][vc_column width=&#8221;1\/3&#8243;][vc_single_image image=&#8221;902&#8243; img_size=&#8221;full&#8221; alignment=&#8221;center&#8221; onclick=&#8221;custom_link&#8221; css_animation=&#8221;bounceIn&#8221; link=&#8221;https:\/\/www.saegeblatt-shop.de\/magazin\/category\/geklaert\/&#8221;][vc_empty_space height=&#8221;10px&#8221;][vc_column_text css_animation=&#8221;fadeIn&#8221; css=&#8221;.vc_custom_1655803415148{margin-right: 20px !important;margin-left: 20px !important;}&#8221;]<\/p>\n<p style=\"text-align: center;\"><strong>Kurz und knapp!<\/strong> Wissen auf den Punkt gebracht.<\/p>\n<p>[\/vc_column_text][\/vc_column][\/vc_row][vc_row css=&#8221;.vc_custom_1655803339434{margin-right: 120px !important;margin-bottom: 20px !important;margin-left: 120px !important;}&#8221;][vc_column][vc_column_text css_animation=&#8221;fadeIn&#8221;]<\/p>\n<h1 style=\"text-align: center;\"><strong>NEUESTE BEITR\u00c4GE<\/strong><\/h1>\n<p>[\/vc_column_text][vc_empty_space height=&#8221;40px&#8221;]<div class=\"blog-posts simple-posts blog-posts-shortcode\"><div class=\"row\"><div class=\"vc_col-xs-12 vc_col-sm-12 vc_col-md-4\">\n                      <article data-wow-delay=\"0s\" class=\" wow rollIn single-post list-view\">\n                        <div class=\"blog_custom\">\n                          <!-- POST THUMBNAIL -->\n                          <div class=\"col-md-12 post-thumbnail\">\n                              <a class=\"relative\" href=\"https:\/\/www.saegeblatt-shop.de\/magazin\/geklaert\/kreissaegeblaetter-fuer-holz\/\">\n                                <div class=\"featured_image_blog\"><img decoding=\"async\" class=\"blog_post_image\" src=\"https:\/\/www.saegeblatt-shop.de\/magazin\/wp-content\/uploads\/2023\/03\/ksb-fuer-holz-700x216.jpg\" alt=\"Kreiss\u00e4gebl\u00e4tter f\u00fcr Holz: Aufbau, Anwendung, Pflege - Praxistipps vom Profi\" \/><div class=\"flex-icon\">\n                                    <div class=\"flex-icon-inside\">\n                                      <i class=\"fa fa-link\" aria-hidden=\"true\"><\/i>\n                                    <\/div>\n                                  <\/div>\n                                <\/div>\n                              <\/a>\n                              <div class=\"post-categories\">\n                                 <a href=\"https:\/\/www.saegeblatt-shop.de\/magazin\/category\/geklaert\/\" rel=\"tag\">Gekl\u00e4rt<\/a> \n                              <\/div>\n                              \n                          <\/div>\n                          <!-- POST DETAILS -->\n                          <div class=\"post-details col-md-12\">\n                            <div class=\"post-category-comment-date row\">                             \n                              <span class=\"post-date\"><i class=\"fa fa-clock-o\"><\/i> M\u00e4rz 8, 2023<\/span>\n                              <span class=\"post-author\">\n                                  <i class=\"fa fa-user\" aria-hidden=\"true\"><\/i>\n                                  <a href=\"https:\/\/www.saegeblatt-shop.de\/magazin\/author\/k-beier\/\">Gemax Magazin<\/a>\n                              <\/span><\/div>\n                            <h3 class=\"post-name row\">\n                              <a href=\"https:\/\/www.saegeblatt-shop.de\/magazin\/geklaert\/kreissaegeblaetter-fuer-holz\/\" title=\"Kreiss\u00e4gebl\u00e4tter f\u00fcr Holz: Aufbau, Anwendung, Pflege - Praxistipps vom Profi\">Kreiss\u00e4gebl\u00e4tter f\u00fcr Holz: Aufbau, Anwendung, Pflege - Praxistipps vom Profi<\/a>\n                            <\/h3>\n                            <div class=\"post-excerpt row\">\n                                <p>[vc_row][vc_column][vc_single_image image=&#8221;1330&#8243; img_size=&#8221;full&#8221; add_caption=&#8221;yes&#8221; alignment=&#8221;center&#8221; style=&#8221;vc_box_shadow_3d&#8221; css_animation=&#8221;none&#8221;][vc_empty_space][vc_column_text][\/vc_column_text][vc_column_text]Tischkreiss\u00e4ge, Handkreiss\u00e4ge, Tauchs\u00e4ge und andere S\u00e4gebauformen haben...<\/p>\n                            <\/div>\n                          <\/div>                       \n                        <\/div>\n                      <\/article>\n                    <\/div><div class=\"vc_col-xs-12 vc_col-sm-12 vc_col-md-4\">\n                      <article data-wow-delay=\"0.2s\" class=\" wow rollIn single-post list-view\">\n                        <div class=\"blog_custom\">\n                          <!-- POST THUMBNAIL -->\n                          <div class=\"col-md-12 post-thumbnail\">\n                              <a class=\"relative\" href=\"https:\/\/www.saegeblatt-shop.de\/magazin\/how-to\/holzgestaltung-schnitzen\/\">\n                                <div class=\"featured_image_blog\"><img decoding=\"async\" class=\"blog_post_image\" src=\"https:\/\/www.saegeblatt-shop.de\/magazin\/wp-content\/uploads\/2022\/06\/holz-spass-700x216.jpg\" alt=\"Mit diesen 5 Werkzeugen macht die Holzbearbeitung noch mehr Spa\u00df!\" \/><div class=\"flex-icon\">\n                                    <div class=\"flex-icon-inside\">\n                                      <i class=\"fa fa-link\" aria-hidden=\"true\"><\/i>\n                                    <\/div>\n                                  <\/div>\n                                <\/div>\n                              <\/a>\n                              <div class=\"post-categories\">\n                                 <a href=\"https:\/\/www.saegeblatt-shop.de\/magazin\/category\/how-to\/\" rel=\"tag\">How to<\/a> \n                              <\/div>\n                              \n                          <\/div>\n                          <!-- POST DETAILS -->\n                          <div class=\"post-details col-md-12\">\n                            <div class=\"post-category-comment-date row\">                             \n                              <span class=\"post-date\"><i class=\"fa fa-clock-o\"><\/i> Juni 21, 2022<\/span>\n                              <span class=\"post-author\">\n                                  <i class=\"fa fa-user\" aria-hidden=\"true\"><\/i>\n                                  <a href=\"https:\/\/www.saegeblatt-shop.de\/magazin\/author\/k-beier\/\">Gemax Magazin<\/a>\n                              <\/span><\/div>\n                            <h3 class=\"post-name row\">\n                              <a href=\"https:\/\/www.saegeblatt-shop.de\/magazin\/how-to\/holzgestaltung-schnitzen\/\" title=\"Mit diesen 5 Werkzeugen macht die Holzbearbeitung noch mehr Spa\u00df!\">Mit diesen 5 Werkzeugen macht die Holzbearbeitung noch mehr Spa\u00df!<\/a>\n                            <\/h3>\n                            <div class=\"post-excerpt row\">\n                                <p>[vc_row][vc_column][vc_cta h2=&#8221;&#8221; txt_align=&#8221;center&#8221; style=&#8221;outline&#8221; color=&#8221;black&#8221; css_animation=&#8221;fadeIn&#8221;]Sie arbeiten gerne kreativ im Bereich der Holzgestaltung...<\/p>\n                            <\/div>\n                          <\/div>                       \n                        <\/div>\n                      <\/article>\n                    <\/div><div class=\"vc_col-xs-12 vc_col-sm-12 vc_col-md-4\">\n                      <article data-wow-delay=\"0.4s\" class=\" wow rollIn single-post list-view\">\n                        <div class=\"blog_custom\">\n                          <!-- POST THUMBNAIL -->\n                          <div class=\"col-md-12 post-thumbnail\">\n                              <a class=\"relative\" href=\"https:\/\/www.saegeblatt-shop.de\/magazin\/geklaert\/spuele-installieren-wie-das-loch-saegen-fuer-den-wasserhahn\/\">\n                                <div class=\"featured_image_blog\"><img decoding=\"async\" class=\"blog_post_image\" src=\"https:\/\/www.saegeblatt-shop.de\/magazin\/wp-content\/uploads\/2022\/06\/spuele-700x216.jpg\" alt=\"Sp\u00fcle installieren \u2013 Wie das Loch s\u00e4gen f\u00fcr den Wasserhahn?\" \/><div class=\"flex-icon\">\n                                    <div class=\"flex-icon-inside\">\n                                      <i class=\"fa fa-link\" aria-hidden=\"true\"><\/i>\n                                    <\/div>\n                                  <\/div>\n                                <\/div>\n                              <\/a>\n                              <div class=\"post-categories\">\n                                 <a href=\"https:\/\/www.saegeblatt-shop.de\/magazin\/category\/geklaert\/\" rel=\"tag\">Gekl\u00e4rt<\/a> \n                              <\/div>\n                              \n                          <\/div>\n                          <!-- POST DETAILS -->\n                          <div class=\"post-details col-md-12\">\n                            <div class=\"post-category-comment-date row\">                             \n                              <span class=\"post-date\"><i class=\"fa fa-clock-o\"><\/i> Juni 21, 2022<\/span>\n                              <span class=\"post-author\">\n                                  <i class=\"fa fa-user\" aria-hidden=\"true\"><\/i>\n                                  <a href=\"https:\/\/www.saegeblatt-shop.de\/magazin\/author\/k-beier\/\">Gemax Magazin<\/a>\n                              <\/span><\/div>\n                            <h3 class=\"post-name row\">\n                              <a href=\"https:\/\/www.saegeblatt-shop.de\/magazin\/geklaert\/spuele-installieren-wie-das-loch-saegen-fuer-den-wasserhahn\/\" title=\"Sp\u00fcle installieren \u2013 Wie das Loch s\u00e4gen f\u00fcr den Wasserhahn?\">Sp\u00fcle installieren \u2013 Wie das Loch s\u00e4gen f\u00fcr den Wasserhahn?<\/a>\n                            <\/h3>\n                            <div class=\"post-excerpt row\">\n                                <p>[vc_row][vc_column width=&#8221;5\/6&#8243;][vc_column_text css_animation=&#8221;fadeIn&#8221;]Beim\u00a0 Innenausbau oder der Modernisierung von Armaturen ist der Einbau einer...<\/p>\n                            <\/div>\n                          <\/div>                       \n                        <\/div>\n                      <\/article>\n                    <\/div><\/div><\/div>[vc_empty_space height=&#8221;80px&#8221;][\/vc_column][\/vc_row][vc_row][vc_column][\/vc_column][\/vc_row]<\/p>\n","protected":false},"excerpt":{"rendered":"<p>[vc_row][vc_column][vc_single_image image=&#8221;880&#8243; img_size=&#8221;full&#8221; alignment=&#8221;center&#8221; css_animation=&#8221;top-to-bottom&#8221;][vc_empty_space height=&#8221;80px&#8221;][\/vc_column][\/vc_row][vc_row content_placement=&#8221;middle&#8221; css=&#8221;.vc_custom_1655800914777{margin-right: 120px !important;margin-left: 120px !important;}&#8221;][vc_column width=&#8221;1\/2&#8243;][vc_column_text css_animation=&#8221;fadeIn&#8221;] GemaxTV. UNSER YOUTUBE CHANNEL. [\/vc_column_text][vc_empty_space height=&#8221;28px&#8221;][vc_column_text css_animation=&#8221;fadeIn&#8221;] Hier findest Du die neuesten Werkzeug-News, praktische How-To-Ratgeber, geballtes Werkzeugwissen, coole DIY-Projekte zum Nachbauen, Must Have Tools f\u00fcr deine Werkstatt und viele weitere spannende Themen f\u00fcr Handwerker, Heimwerker und alle, die es noch werden [&hellip;]<\/p>\n","protected":false},"author":1,"featured_media":0,"parent":0,"menu_order":0,"comment_status":"closed","ping_status":"closed","template":"redux-templates_full_width","meta":{"footnotes":""},"categories":[],"tags":[],"class_list":["post-84","page","type-page","status-publish","hentry"],"yoast_head":"<!-- This site is optimized with the Yoast SEO plugin v22.2 - https:\/\/yoast.com\/wordpress\/plugins\/seo\/ -->\n<title>S\u00e4geblatt Shop Magazin - S\u00e4geblatt Shop Magazin<\/title>\n<meta name=\"robots\" content=\"index, follow, max-snippet:-1, max-image-preview:large, max-video-preview:-1\" \/>\n<link rel=\"canonical\" href=\"https:\/\/www.saegeblatt-shop.de\/magazin\/\" \/>\n<meta property=\"og:locale\" content=\"de_DE\" \/>\n<meta property=\"og:type\" content=\"article\" \/>\n<meta property=\"og:title\" content=\"S\u00e4geblatt Shop Magazin - S\u00e4geblatt Shop Magazin\" \/>\n<meta property=\"og:description\" content=\"[vc_row][vc_column][vc_single_image image=&#8221;880&#8243; img_size=&#8221;full&#8221; alignment=&#8221;center&#8221; css_animation=&#8221;top-to-bottom&#8221;][vc_empty_space height=&#8221;80px&#8221;][\/vc_column][\/vc_row][vc_row content_placement=&#8221;middle&#8221; css=&#8221;.vc_custom_1655800914777{margin-right: 120px !important;margin-left: 120px !important;}&#8221;][vc_column width=&#8221;1\/2&#8243;][vc_column_text css_animation=&#8221;fadeIn&#8221;] GemaxTV. UNSER YOUTUBE CHANNEL. [\/vc_column_text][vc_empty_space height=&#8221;28px&#8221;][vc_column_text css_animation=&#8221;fadeIn&#8221;] Hier findest Du die neuesten Werkzeug-News, praktische How-To-Ratgeber, geballtes Werkzeugwissen, coole DIY-Projekte zum Nachbauen, Must Have Tools f\u00fcr deine Werkstatt und viele weitere spannende Themen f\u00fcr Handwerker, Heimwerker und alle, die es noch werden [&hellip;]\" \/>\n<meta property=\"og:url\" content=\"https:\/\/www.saegeblatt-shop.de\/magazin\/\" \/>\n<meta property=\"og:site_name\" content=\"S\u00e4geblatt Shop Magazin\" \/>\n<meta property=\"article:modified_time\" content=\"2024-11-21T07:22:06+00:00\" \/>\n<meta name=\"twitter:card\" content=\"summary_large_image\" \/>\n<meta name=\"twitter:label1\" content=\"Gesch\u00e4tzte Lesezeit\" \/>\n\t<meta name=\"twitter:data1\" content=\"4\u00a0Minuten\" \/>\n<script type=\"application\/ld+json\" class=\"yoast-schema-graph\">{\"@context\":\"https:\/\/schema.org\",\"@graph\":[{\"@type\":\"WebPage\",\"@id\":\"https:\/\/www.saegeblatt-shop.de\/magazin\/\",\"url\":\"https:\/\/www.saegeblatt-shop.de\/magazin\/\",\"name\":\"S\u00e4geblatt Shop Magazin - S\u00e4geblatt Shop Magazin\",\"isPartOf\":{\"@id\":\"https:\/\/www.saegeblatt-shop.de\/magazin\/#website\"},\"datePublished\":\"2022-04-01T12:01:27+00:00\",\"dateModified\":\"2024-11-21T07:22:06+00:00\",\"breadcrumb\":{\"@id\":\"https:\/\/www.saegeblatt-shop.de\/magazin\/#breadcrumb\"},\"inLanguage\":\"de\",\"potentialAction\":[{\"@type\":\"ReadAction\",\"target\":[\"https:\/\/www.saegeblatt-shop.de\/magazin\/\"]}]},{\"@type\":\"BreadcrumbList\",\"@id\":\"https:\/\/www.saegeblatt-shop.de\/magazin\/#breadcrumb\",\"itemListElement\":[{\"@type\":\"ListItem\",\"position\":1,\"name\":\"Startseite\",\"item\":\"https:\/\/www.saegeblatt-shop.de\/magazin\/\"},{\"@type\":\"ListItem\",\"position\":2,\"name\":\"S\u00e4geblatt Shop Magazin\"}]},{\"@type\":\"WebSite\",\"@id\":\"https:\/\/www.saegeblatt-shop.de\/magazin\/#website\",\"url\":\"https:\/\/www.saegeblatt-shop.de\/magazin\/\",\"name\":\"S\u00e4geblatt Shop Magazin\",\"description\":\"Interessantes und Wissenswertes rund um das Thema Werkzeuge - direkt von Profi\",\"potentialAction\":[{\"@type\":\"SearchAction\",\"target\":{\"@type\":\"EntryPoint\",\"urlTemplate\":\"https:\/\/www.saegeblatt-shop.de\/magazin\/?s={search_term_string}\"},\"query-input\":\"required name=search_term_string\"}],\"inLanguage\":\"de\"}]}<\/script>\n<!-- \/ Yoast SEO plugin. -->","yoast_head_json":{"title":"S\u00e4geblatt Shop Magazin - S\u00e4geblatt Shop Magazin","robots":{"index":"index","follow":"follow","max-snippet":"max-snippet:-1","max-image-preview":"max-image-preview:large","max-video-preview":"max-video-preview:-1"},"canonical":"https:\/\/www.saegeblatt-shop.de\/magazin\/","og_locale":"de_DE","og_type":"article","og_title":"S\u00e4geblatt Shop Magazin - S\u00e4geblatt Shop Magazin","og_description":"[vc_row][vc_column][vc_single_image image=&#8221;880&#8243; img_size=&#8221;full&#8221; alignment=&#8221;center&#8221; css_animation=&#8221;top-to-bottom&#8221;][vc_empty_space height=&#8221;80px&#8221;][\/vc_column][\/vc_row][vc_row content_placement=&#8221;middle&#8221; css=&#8221;.vc_custom_1655800914777{margin-right: 120px !important;margin-left: 120px !important;}&#8221;][vc_column width=&#8221;1\/2&#8243;][vc_column_text css_animation=&#8221;fadeIn&#8221;] GemaxTV. UNSER YOUTUBE CHANNEL. [\/vc_column_text][vc_empty_space height=&#8221;28px&#8221;][vc_column_text css_animation=&#8221;fadeIn&#8221;] Hier findest Du die neuesten Werkzeug-News, praktische How-To-Ratgeber, geballtes Werkzeugwissen, coole DIY-Projekte zum Nachbauen, Must Have Tools f\u00fcr deine Werkstatt und viele weitere spannende Themen f\u00fcr Handwerker, Heimwerker und alle, die es noch werden [&hellip;]","og_url":"https:\/\/www.saegeblatt-shop.de\/magazin\/","og_site_name":"S\u00e4geblatt Shop Magazin","article_modified_time":"2024-11-21T07:22:06+00:00","twitter_card":"summary_large_image","twitter_misc":{"Gesch\u00e4tzte Lesezeit":"4\u00a0Minuten"},"schema":{"@context":"https:\/\/schema.org","@graph":[{"@type":"WebPage","@id":"https:\/\/www.saegeblatt-shop.de\/magazin\/","url":"https:\/\/www.saegeblatt-shop.de\/magazin\/","name":"S\u00e4geblatt Shop Magazin - S\u00e4geblatt Shop Magazin","isPartOf":{"@id":"https:\/\/www.saegeblatt-shop.de\/magazin\/#website"},"datePublished":"2022-04-01T12:01:27+00:00","dateModified":"2024-11-21T07:22:06+00:00","breadcrumb":{"@id":"https:\/\/www.saegeblatt-shop.de\/magazin\/#breadcrumb"},"inLanguage":"de","potentialAction":[{"@type":"ReadAction","target":["https:\/\/www.saegeblatt-shop.de\/magazin\/"]}]},{"@type":"BreadcrumbList","@id":"https:\/\/www.saegeblatt-shop.de\/magazin\/#breadcrumb","itemListElement":[{"@type":"ListItem","position":1,"name":"Startseite","item":"https:\/\/www.saegeblatt-shop.de\/magazin\/"},{"@type":"ListItem","position":2,"name":"S\u00e4geblatt Shop Magazin"}]},{"@type":"WebSite","@id":"https:\/\/www.saegeblatt-shop.de\/magazin\/#website","url":"https:\/\/www.saegeblatt-shop.de\/magazin\/","name":"S\u00e4geblatt Shop Magazin","description":"Interessantes und Wissenswertes rund um das Thema Werkzeuge - direkt von Profi","potentialAction":[{"@type":"SearchAction","target":{"@type":"EntryPoint","urlTemplate":"https:\/\/www.saegeblatt-shop.de\/magazin\/?s={search_term_string}"},"query-input":"required name=search_term_string"}],"inLanguage":"de"}]}},"_links":{"self":[{"href":"https:\/\/www.saegeblatt-shop.de\/magazin\/wp-json\/wp\/v2\/pages\/84","targetHints":{"allow":["GET"]}}],"collection":[{"href":"https:\/\/www.saegeblatt-shop.de\/magazin\/wp-json\/wp\/v2\/pages"}],"about":[{"href":"https:\/\/www.saegeblatt-shop.de\/magazin\/wp-json\/wp\/v2\/types\/page"}],"author":[{"embeddable":true,"href":"https:\/\/www.saegeblatt-shop.de\/magazin\/wp-json\/wp\/v2\/users\/1"}],"replies":[{"embeddable":true,"href":"https:\/\/www.saegeblatt-shop.de\/magazin\/wp-json\/wp\/v2\/comments?post=84"}],"version-history":[{"count":162,"href":"https:\/\/www.saegeblatt-shop.de\/magazin\/wp-json\/wp\/v2\/pages\/84\/revisions"}],"predecessor-version":[{"id":1720,"href":"https:\/\/www.saegeblatt-shop.de\/magazin\/wp-json\/wp\/v2\/pages\/84\/revisions\/1720"}],"wp:attachment":[{"href":"https:\/\/www.saegeblatt-shop.de\/magazin\/wp-json\/wp\/v2\/media?parent=84"}],"wp:term":[{"taxonomy":"category","embeddable":true,"href":"https:\/\/www.saegeblatt-shop.de\/magazin\/wp-json\/wp\/v2\/categories?post=84"},{"taxonomy":"post_tag","embeddable":true,"href":"https:\/\/www.saegeblatt-shop.de\/magazin\/wp-json\/wp\/v2\/tags?post=84"}],"curies":[{"name":"wp","href":"https:\/\/api.w.org\/{rel}","templated":true}]}}